{"id":7,"date":"2024-04-11T21:22:02","date_gmt":"2024-04-11T21:22:02","guid":{"rendered":"http:\/\/prooberkotzau.de\/?page_id=7"},"modified":"2024-04-15T11:32:11","modified_gmt":"2024-04-15T11:32:11","slug":"prooberkotzau-die-buergerinitiative-e-v","status":"publish","type":"page","link":"https:\/\/prooberkotzau.de\/","title":{"rendered":"ProOberkotzau &#8211; die B\u00fcrgerinitiative e.V."},"content":{"rendered":"\n<div class=\"wp-block-group alignfull has-base-background-color has-background has-global-padding is-layout-constrained wp-block-group-is-layout-constrained\" style=\"margin-top:0;margin-bottom:0;padding-top:var(--wp--preset--spacing--50);padding-right:var(--wp--preset--spacing--50);padding-bottom:var(--wp--preset--spacing--50);padding-left:var(--wp--preset--spacing--50)\">\n<div class=\"wp-block-columns alignwide is-layout-flex wp-container-core-columns-is-layout-2 wp-block-columns-is-layout-flex\">\n<div class=\"wp-block-column has-global-padding is-content-justification-left is-layout-constrained wp-container-core-column-is-layout-1 wp-block-column-is-layout-constrained\" style=\"flex-basis:40%\">\n<h2 class=\"wp-block-heading\">Aktuelles 2024<\/h2>\n<\/div>\n\n\n\n<div class=\"wp-block-column is-layout-flow wp-container-core-column-is-layout-4 wp-block-column-is-layout-flow\" style=\"flex-basis:60%\">\n<p class=\"has-heading-font-family has-x-large-font-size\" style=\"line-height:1.2\">Liebe Mitb\u00fcrger,&nbsp;<br>das B\u00fcrgerbegehren von 2021 wird nach zweij\u00e4hriger Frist wiederholt.<br>Bitte unterschreiben Sie den Antrag und werfen ihn in einen der genannten Briefk\u00e4sten ein.<br>Werben Sie auch bei Nachbarn und Freunden und tragen Sie so zur Verhinderung dieses \u00fcberfl\u00fcssigen und den Ort sch\u00e4digenden 60 Millionen Wahnsinns bei.<\/p>\n\n\n\n<div class=\"wp-block-buttons is-layout-flex wp-block-buttons-is-layout-flex\">\n<div class=\"wp-block-button\"><a class=\"wp-block-button__link wp-element-button\" href=\"https:\/\/prooberkotzau.de\/wp-content\/uploads\/2024\/04\/Antrag_auf_Buergerentscheid_finale-Version.pdf\" target=\"_blank\" rel=\"noreferrer noopener\">Antrag auf B\u00fcrgerentscheid<\/a><\/div>\n<\/div>\n\n\n\n<div class=\"wp-block-columns is-layout-flex wp-container-core-columns-is-layout-1 wp-block-columns-is-layout-flex\">\n<div class=\"wp-block-column is-layout-flow wp-block-column-is-layout-flow\"><\/div>\n\n\n\n<div class=\"wp-block-column is-layout-flow wp-block-column-is-layout-flow\"><\/div>\n<\/div>\n<\/div>\n<\/div>\n<\/div>\n\n\n\n<div class=\"wp-block-group alignfull has-accent-background-color has-background has-global-padding is-layout-constrained wp-block-group-is-layout-constrained\" style=\"margin-top:0;margin-bottom:0;padding-top:var(--wp--preset--spacing--50);padding-right:var(--wp--preset--spacing--50);padding-bottom:var(--wp--preset--spacing--50);padding-left:var(--wp--preset--spacing--50)\">\n<div class=\"wp-block-columns alignwide is-layout-flex wp-container-core-columns-is-layout-3 wp-block-columns-is-layout-flex\">\n<div class=\"wp-block-column is-vertically-aligned-stretch is-layout-flow wp-block-column-is-layout-flow\" style=\"flex-basis:50%\">\n<div class=\"wp-block-group is-vertical is-content-justification-stretch is-layout-flex wp-container-core-group-is-layout-3 wp-block-group-is-layout-flex\" style=\"min-height:100%\">\n<p class=\"has-heading-font-family has-x-large-font-size\" style=\"line-height:1.2\">Willkommen bei ProOberkotzau &#8211; die B\u00fcrgerinitiative e.V.! Wir setzen uns f\u00fcr Umwelt- und Landschaftsschutz, lebenswerte Ortsgestaltung, verbesserte Verkehrsplanung und \u00d6ffentlichkeitsinformation ein. M\u00f6chten Sie uns unterst\u00fctzen? Schreiben Sie an <a>pro-oberkotzau@t-online.de<\/a>.<\/p>\n\n\n\n<div class=\"wp-block-group has-global-padding is-content-justification-left is-layout-constrained wp-container-core-group-is-layout-2 wp-block-group-is-layout-constrained\">\n<div class=\"wp-block-buttons is-layout-flex wp-block-buttons-is-layout-flex\">\n<div class=\"wp-block-button\"><a class=\"wp-block-button__link wp-element-button\" href=\"https:\/\/prooberkotzau.de\/wp-content\/uploads\/2024\/04\/Satzung.pdf\" target=\"_blank\" rel=\"noreferrer noopener\">Satzung des Vereins ProOberkotzau &#8211; die B\u00fcrgerinitiative e.V.<\/a><\/div>\n<\/div>\n<\/div>\n<\/div>\n<\/div>\n\n\n\n<div class=\"wp-block-column is-vertically-aligned-center is-layout-flow wp-block-column-is-layout-flow\" style=\"flex-basis:50%\">\n<figure class=\"wp-block-image size-large is-style-rounded\"><img loading=\"lazy\" decoding=\"async\" width=\"1024\" height=\"768\" src=\"https:\/\/prooberkotzau.de\/wp-content\/uploads\/2024\/04\/Naherholung-1024x768.jpg\" alt=\"\" class=\"wp-image-8\" style=\"aspect-ratio:3\/4;object-fit:cover\" srcset=\"https:\/\/prooberkotzau.de\/wp-content\/uploads\/2024\/04\/Naherholung-1024x768.jpg 1024w, https:\/\/prooberkotzau.de\/wp-content\/uploads\/2024\/04\/Naherholung-300x225.jpg 300w, https:\/\/prooberkotzau.de\/wp-content\/uploads\/2024\/04\/Naherholung-768x576.jpg 768w, https:\/\/prooberkotzau.de\/wp-content\/uploads\/2024\/04\/Naherholung-1536x1152.jpg 1536w, https:\/\/prooberkotzau.de\/wp-content\/uploads\/2024\/04\/Naherholung.jpg 2048w\" sizes=\"(max-width: 1024px) 100vw, 1024px\" \/><\/figure>\n<\/div>\n<\/div>\n<\/div>\n","protected":false},"excerpt":{"rendered":"<p>Aktuelles 2024 Liebe Mitb\u00fcrger,&nbsp;das B\u00fcrgerbegehren von 2021 wird nach zweij\u00e4hriger Frist wiederholt.Bitte unterschreiben Sie den Antrag und werfen ihn in einen der genannten Briefk\u00e4sten ein.Werben Sie auch bei Nachbarn und Freunden und tragen Sie so zur Verhinderung dieses \u00fcberfl\u00fcssigen und den Ort sch\u00e4digenden 60 Millionen Wahnsinns bei. Willkommen bei ProOberkotzau &#8211; die B\u00fcrgerinitiative e.V.! Wir [&hellip;]<\/p>\n","protected":false},"author":1,"featured_media":0,"parent":0,"menu_order":0,"comment_status":"closed","ping_status":"closed","template":"","meta":{"footnotes":""},"_links":{"self":[{"href":"https:\/\/prooberkotzau.de\/index.php?rest_route=\/wp\/v2\/pages\/7"}],"collection":[{"href":"https:\/\/prooberkotzau.de\/index.php?rest_route=\/wp\/v2\/pages"}],"about":[{"href":"https:\/\/prooberkotzau.de\/index.php?rest_route=\/wp\/v2\/types\/page"}],"author":[{"embeddable":true,"href":"https:\/\/prooberkotzau.de\/index.php?rest_route=\/wp\/v2\/users\/1"}],"replies":[{"embeddable":true,"href":"https:\/\/prooberkotzau.de\/index.php?rest_route=%2Fwp%2Fv2%2Fcomments&post=7"}],"version-history":[{"count":5,"href":"https:\/\/prooberkotzau.de\/index.php?rest_route=\/wp\/v2\/pages\/7\/revisions"}],"predecessor-version":[{"id":35,"href":"https:\/\/prooberkotzau.de\/index.php?rest_route=\/wp\/v2\/pages\/7\/revisions\/35"}],"wp:attachment":[{"href":"https:\/\/prooberkotzau.de\/index.php?rest_route=%2Fwp%2Fv2%2Fmedia&parent=7"}],"curies":[{"name":"wp","href":"https:\/\/api.w.org\/{rel}","templated":true}]}}